{"id":171,"date":"2015-07-21T11:55:22","date_gmt":"2015-07-21T10:55:22","guid":{"rendered":"http:\/\/cosmic.es\/neu\/?page_id=171"},"modified":"2016-05-03T09:45:40","modified_gmt":"2016-05-03T08:45:40","slug":"contacto","status":"publish","type":"page","link":"https:\/\/cosmic.es\/es\/contacto\/","title":{"rendered":"Contacto"},"content":{"rendered":"<div style=\"width: 100%; overflow: hidden; height: 118%;\"><iframe loading=\"lazy\" style=\"border: 0; margin-top: -40%; overflow: hidden;\" src=\"https:\/\/www.google.com\/maps\/embed?pb=!1m18!1m12!1m3!1d2993.2371238637056!2d2.1508617687294893!3d41.39065648958568!2m3!1f0!2f0!3f0!3m2!1i1024!2i768!4f13.1!3m3!1m2!1s0x0%3A0x2099310067b16d2d!2sCosmic!5e0!3m2!1sen!2ses!4v1462265109356\" width=\"100%\" height=\"150%\" frameborder=\"0\" allowfullscreen=\"allowfullscreen\"><\/iframe><\/div>\n<div id=\"contact-info\">\n<div id=\"home-info\"><strong>Cosmic<\/strong> es un estudio de dise\u00f1o gr\u00e1fico de Barcelona. Trabajando mano a mano con nuestros clientes, creamos soluciones gr\u00e1ficas y de comunicaci\u00f3n que aumentan el valor de sus contenidos, y potencian el impacto de sus mensajes.<br \/>\nVen a vernos si quieres saber m\u00e1s sobre nuestro trabajo, o considerar nuestra colaboraci\u00f3n en alguno de tus proyectos.<\/p>\n<p><strong>COSMIC<\/strong><br \/>\nAribau, 153 5A<br \/>\nE-08036 Barcelona<br \/>\nT. 934 109 988<br \/>\n<a href=\"mailto:hola@cosmic.es\"><strong>hola@cosmic.es<\/strong><\/a><\/p>\n<p>Si est\u00e1s interesado en colaborar con nosotros como dise\u00f1ador <em>senior<\/em> o <em>junior<\/em>, profesional <em>free-lance<\/em> o estudiante en pr\u00e1cticas, env\u00edanos tu curr\u00edculum y muestras de tu trabajo. Tal vez no podamos enviarte una respuesta inmediata, pero conservaremos tus datos para el futuro, cuando aparezca la ocasi\u00f3n de trabajar juntos.<\/p>\n<\/div>\n","protected":false},"excerpt":{"rendered":"<p>Cosmic es un estudio de dise\u00f1o gr\u00e1fico de Barcelona. Trabajando mano a mano con nuestros clientes, creamos soluciones gr\u00e1ficas y de comunicaci\u00f3n que aumentan el valor de sus contenidos, y potencian el impacto de sus &#8230;<\/p>\n","protected":false},"author":1,"featured_media":0,"parent":0,"menu_order":0,"comment_status":"closed","ping_status":"closed","template":"","meta":{"footnotes":""},"class_list":["post-171","page","type-page","status-publish","hentry"],"aioseo_notices":[],"_links":{"self":[{"href":"https:\/\/cosmic.es\/es\/wp-json\/wp\/v2\/pages\/171","targetHints":{"allow":["GET"]}}],"collection":[{"href":"https:\/\/cosmic.es\/es\/wp-json\/wp\/v2\/pages"}],"about":[{"href":"https:\/\/cosmic.es\/es\/wp-json\/wp\/v2\/types\/page"}],"author":[{"embeddable":true,"href":"https:\/\/cosmic.es\/es\/wp-json\/wp\/v2\/users\/1"}],"replies":[{"embeddable":true,"href":"https:\/\/cosmic.es\/es\/wp-json\/wp\/v2\/comments?post=171"}],"version-history":[{"count":58,"href":"https:\/\/cosmic.es\/es\/wp-json\/wp\/v2\/pages\/171\/revisions"}],"predecessor-version":[{"id":592,"href":"https:\/\/cosmic.es\/es\/wp-json\/wp\/v2\/pages\/171\/revisions\/592"}],"wp:attachment":[{"href":"https:\/\/cosmic.es\/es\/wp-json\/wp\/v2\/media?parent=171"}],"curies":[{"name":"wp","href":"https:\/\/api.w.org\/{rel}","templated":true}]}}