{"id":807,"date":"2019-10-28T10:58:48","date_gmt":"2019-10-28T09:58:48","guid":{"rendered":"http:\/\/cosmic.es\/?page_id=807"},"modified":"2019-10-28T16:10:20","modified_gmt":"2019-10-28T15:10:20","slug":"politica-de-cookies","status":"publish","type":"page","link":"https:\/\/cosmic.es\/es\/politica-de-cookies\/","title":{"rendered":"Pol\u00edtica de cookies"},"content":{"rendered":"\n<div style=\"height:100px\" aria-hidden=\"true\" class=\"wp-block-spacer\"><\/div>\n\n\n\n<p><strong>Pol\u00edtica de cookies<\/strong><br>Cosmic le informa de la utilizaci\u00f3n de cookies en la p\u00e1gina web https:\/\/cosmic.es\/ (en adelante, la P\u00e1gina Web); si contin\u00faa navegando por la misma, est\u00e1 aceptando la Pol\u00edtica de Cookies y de Privacidad que describiremos a continuaci\u00f3n.<\/p>\n\n\n\n<p><strong>\u00bfQu\u00e9 son las cookies?<\/strong><br> Las cookies son peque\u00f1os ficheros o fragmentos de informaci\u00f3n que se alojan en su ordenador a trav\u00e9s de tu navegador, con el fin de permitirle una navegaci\u00f3n m\u00e1s fluida y personalizada.<\/p>\n\n\n\n<p><strong>\u00bfPor qu\u00e9 utilizamos cookies?<\/strong><br> Gracias a estas cookies puedes, por ejemplo, evitar tener que iniciar sesi\u00f3n cada vez que acude a una p\u00e1gina web, o nos permite conocer sus preferencias y as\u00ed le podremos mostrar publicidad relativa a sus gustos (evitando publicidad que nada tiene que ver con usted).<\/p>\n\n\n\n<p><strong>\u00bfQu\u00e9 tipos de cookies existen?<\/strong><br> Para facilitarle la comprensi\u00f3n de estos mecanismos, le detallamos a continuaci\u00f3n los diferentes tipos de cookies existentes, tanto aquellas para las cuales necesitamos su consentimiento, as\u00ed como aquellas que son necesarias para la funcionalidad b\u00e1sica del sitio Web:<\/p>\n\n\n\n<p>Cookies de car\u00e1cter t\u00e9cnico: son necesarias y est\u00e1n estrictamente destinadas a permitirle navegar por la p\u00e1gina web.<\/p>\n\n\n\n<p>Cookies necesarias para prestar un determinado servicio expresamente solicitado por usted como usuario: a modo de ejemplo, ser\u00e1n las cookies que permiten acceder a una zona privada de la web asociada con su perfil, publicaci\u00f3n de contenidos, carrito de la compra, etc.<\/p>\n\n\n\n<p>Cookies gestionadas por terceros para la personalizaci\u00f3n de espacios publicitarios o uso de Social Plugins: este tipo de cookies nos permiten adaptar las diferentes secciones publicitarias que pudieran aparecer en el sitio web de acuerdo con sus gustos e intereses con el fin de personalizar el m\u00e1ximo posible el entorno del sitio Web de acuerdo con sus caracter\u00edsticas espec\u00edficas.<\/p>\n\n\n\n<p>En particular, para la navegaci\u00f3n en la P\u00e1gina Web https:\/\/cosmic.es\/ se usan las siguientes cookies:<br><em>language<\/em> (wordpress plugin): Nos sirve para guardar el idioma seleccionado.<br><em>moove_gdpr_popup<\/em> (wordpress plugin): Nos sirve para determinar si aceptaste o no la pol\u00edtica de cookies.<br><em>_ga, _gat, _gid<\/em> (Google Analytics): Se usa para distinguir a los usuarios y limitar el porcentaje de solicitudes.<\/p>\n\n\n\n<p><strong>\u00bfPuedo administrar las cookies?<\/strong><br>Como usuario puede acceder al men\u00fa de preferencias de su navegador y configurarlo para que no se instalen cookies, borrar las ya existentes y\/o eliminarlas antes de iniciar la navegaci\u00f3n por otras p\u00e1ginas de la P\u00e1gina Web.<\/p>\n\n\n\n<p>Es posible ver en su navegador las diferentes opciones disponibles respecto de la gesti\u00f3n de la cookies: funciones b\u00e1sicas, mejoras en la p\u00e1gina web, personalizaci\u00f3n, publicidad, etc. En funci\u00f3n del navegador que est\u00e9 utilizando, la forma de deshabilitar las cookies pueden variar. La opci\u00f3n m\u00e1s habitual es hacerlo a trav\u00e9s del men\u00fa Opciones o Herramientas. En cualquier caso, le sugerimos que consulte la configuraci\u00f3n correspondiente al navegador que est\u00e9 utilizando.<\/p>\n\n\n\n<p>Le recordamos que si rechaza la instalaci\u00f3n de cookies, puede que el servicio se vea afectado y que ello impida la correcta utilizaci\u00f3n parcial o total del mismo. Cosmic incluye en la P\u00e1gina Web la posibilidad de acceder a distintas p\u00e1ginas de terceros, en el caso de que seleccione la opci\u00f3n de acceder a dichas p\u00e1ginas, deber\u00e1 consultar sus Pol\u00edticas de Cookies puesto que al tratarse de p\u00e1ginas de terceros, Cosmic no tiene potestad ni conocimiento de las cookies utilizadas en sus p\u00e1ginas.<\/p>\n\n\n\n<p>A modo informativo Le precisamos que para deshabilitar las cookies gestionadas por terceros podr\u00e1s hacerlo a trav\u00e9s de sus p\u00e1ginas de gesti\u00f3n de cookies como por ejemplo Adobe Flash o Google Analytics.<\/p>\n\n\n\n<p>En cualquier caso, Le recordamos que en el caso de deshabilitar las cookies es posible que deje de poder utilizar determinadas partes o secciones de la P\u00e1gina Web. Por \u00faltimo queremos recordarle, que en el caso de que elimine las cookies del navegador es probable que deba instarlas nuevamente para poder disfrutar de todas las opciones ofrecidas por la P\u00e1gina Web.<\/p>\n\n\n\n<p class=\"has-text-color has-very-dark-gray-color\"><strong>Otros aspectos<\/strong><br>Si contin\u00faa navegando en la P\u00e1gina Web se considerar\u00e1 que reconoce haber le\u00eddo la misma y autoriza la utilizaci\u00f3n por parte de Cosmic de los diferentes tipos de cookies anteriormente mencionados, con el fin de permitirle una completa utilizaci\u00f3n de la P\u00e1gina Web. Si tiene dudas o quieres hacernos alguna pregunta respecto de las cookies que utilizamos, puede remitirnos su consulta al correo electr\u00f3nico <strong><a href=\"hola@cosmic.es\" target=\"_blank\" rel=\"noreferrer noopener\" aria-label=\"hola@cosmic.es (opens in a new tab)\">hola@cosmic.es<\/a><\/strong><\/p>\n\n\n\n<p><strong>Actualizaciones de nuestra Pol\u00edtica de Cookies<\/strong><br>Puede que en el futuro modifiquemos el presente texto para adaptarlo a eventuales cambios legislativos o reglamentarios as\u00ed como debido a instrucciones o resoluciones emitidas por la Agencia Espa\u00f1ola de Protecci\u00f3n de Datos. Por este motivo, le aconsejamos que lea peri\u00f3dicamente el presente texto con el fin de mantenerle informado respecto de su versi\u00f3n m\u00e1s actualizada. En cualquier caso, si introduj\u00e9semos cambios significativos en este texto, le ser\u00e1n comunicados bien a trav\u00e9s de la web bien a trav\u00e9s de correo electr\u00f3nico para aquellos usuarios que est\u00e9n registrados.<\/p>\n\n\n\n<p>En el caso de que desee obtener m\u00e1s informaci\u00f3n en relaci\u00f3n con la configuraci\u00f3n de los distintos navegadores, consulte sus preferencias.<\/p>\n\n\n\n<p><br><\/p>\n","protected":false},"excerpt":{"rendered":"<p>Pol\u00edtica de cookiesCosmic le informa de la utilizaci\u00f3n de cookies en la p\u00e1gina web https:\/\/cosmic.es\/ (en adelante, la P\u00e1gina Web); si contin\u00faa navegando por la misma, est\u00e1 aceptando la Pol\u00edtica de Cookies y de Privacidad &#8230;<\/p>\n","protected":false},"author":1,"featured_media":0,"parent":0,"menu_order":0,"comment_status":"closed","ping_status":"closed","template":"","meta":{"footnotes":""},"class_list":["post-807","page","type-page","status-publish","hentry"],"aioseo_notices":[],"_links":{"self":[{"href":"https:\/\/cosmic.es\/es\/wp-json\/wp\/v2\/pages\/807","targetHints":{"allow":["GET"]}}],"collection":[{"href":"https:\/\/cosmic.es\/es\/wp-json\/wp\/v2\/pages"}],"about":[{"href":"https:\/\/cosmic.es\/es\/wp-json\/wp\/v2\/types\/page"}],"author":[{"embeddable":true,"href":"https:\/\/cosmic.es\/es\/wp-json\/wp\/v2\/users\/1"}],"replies":[{"embeddable":true,"href":"https:\/\/cosmic.es\/es\/wp-json\/wp\/v2\/comments?post=807"}],"version-history":[{"count":17,"href":"https:\/\/cosmic.es\/es\/wp-json\/wp\/v2\/pages\/807\/revisions"}],"predecessor-version":[{"id":832,"href":"https:\/\/cosmic.es\/es\/wp-json\/wp\/v2\/pages\/807\/revisions\/832"}],"wp:attachment":[{"href":"https:\/\/cosmic.es\/es\/wp-json\/wp\/v2\/media?parent=807"}],"curies":[{"name":"wp","href":"https:\/\/api.w.org\/{rel}","templated":true}]}}